{"id":1859,"date":"2018-03-27T10:02:48","date_gmt":"2018-03-27T08:02:48","guid":{"rendered":"https:\/\/www.leggendafestival.it\/\/?page_id=1859"},"modified":"2024-04-19T08:27:28","modified_gmt":"2024-04-19T06:27:28","slug":"festival","status":"publish","type":"page","link":"https:\/\/leggenda.comune.empoli.fi.it\/edizione2024\/festival\/","title":{"rendered":"Festival"},"content":{"rendered":"\t\t<div data-elementor-type=\"wp-page\" data-elementor-id=\"1859\" class=\"elementor elementor-1859\" data-elementor-post-type=\"page\">\n\t\t\t\t\t\t<section class=\"elementor-section elementor-top-section elementor-element elementor-element-147be72 elementor-section-height-min-height elementor-section-stretched elementor-section-boxed elementor-section-height-default elementor-section-items-middle\" data-id=\"147be72\" data-element_type=\"section\" data-settings=\"{&quot;background_background&quot;:&quot;classic&quot;,&quot;shape_divider_bottom&quot;:&quot;book&quot;,&quot;stretch_section&quot;:&quot;section-stretched&quot;}\">\n\t\t\t\t\t\t\t<div class=\"elementor-background-overlay\"><\/div>\n\t\t\t\t\t\t<div class=\"elementor-shape elementor-shape-bottom\" data-negative=\"false\">\n\t\t\t<svg xmlns=\"http:\/\/www.w3.org\/2000\/svg\" viewBox=\"0 0 1000 100\" preserveAspectRatio=\"none\">\n\t<path class=\"elementor-shape-fill\" d=\"M194,99c186.7,0.7,305-78.3,306-97.2c1,18.9,119.3,97.9,306,97.2c114.3-0.3,194,0.3,194,0.3s0-91.7,0-100c0,0,0,0,0-0 L0,0v99.3C0,99.3,79.7,98.7,194,99z\"\/>\n<\/svg>\t\t<\/div>\n\t\t\t\t\t<div class=\"elementor-container elementor-column-gap-default\">\n\t\t\t\t\t<div class=\"elementor-column elementor-col-100 elementor-top-column elementor-element elementor-element-7dc5e081\" data-id=\"7dc5e081\" data-element_type=\"column\">\n\t\t\t<div class=\"elementor-widget-wrap elementor-element-populated\">\n\t\t\t\t\t\t<div class=\"elementor-element elementor-element-593725f3 elementor-widget elementor-widget-heading\" data-id=\"593725f3\" data-element_type=\"widget\" data-widget_type=\"heading.default\">\n\t\t\t\t<div class=\"elementor-widget-container\">\n\t\t\t<h2 class=\"elementor-heading-title elementor-size-default\">Festival<\/h2>\t\t<\/div>\n\t\t\t\t<\/div>\n\t\t\t\t<div class=\"elementor-element elementor-element-35eb7460 elementor-widget elementor-widget-text-editor\" data-id=\"35eb7460\" data-element_type=\"widget\" data-widget_type=\"text-editor.default\">\n\t\t\t\t<div class=\"elementor-widget-container\">\n\t\t\t\t\t\t\t<p>Home \/ Festival<\/p>\t\t\t\t\t\t<\/div>\n\t\t\t\t<\/div>\n\t\t\t\t\t<\/div>\n\t\t<\/div>\n\t\t\t\t\t<\/div>\n\t\t<\/section>\n\t\t\t\t<section class=\"elementor-section elementor-top-section elementor-element elementor-element-3665a0b2 elementor-section-stretched elementor-section-boxed elementor-section-height-default elementor-section-height-default\" data-id=\"3665a0b2\" data-element_type=\"section\" data-settings=\"{&quot;background_background&quot;:&quot;classic&quot;,&quot;stretch_section&quot;:&quot;section-stretched&quot;}\">\n\t\t\t\t\t\t\t<div class=\"elementor-background-overlay\"><\/div>\n\t\t\t\t\t\t\t<div class=\"elementor-container elementor-column-gap-default\">\n\t\t\t\t\t<div class=\"elementor-column elementor-col-100 elementor-top-column elementor-element elementor-element-38c277e3\" data-id=\"38c277e3\" data-element_type=\"column\">\n\t\t\t<div class=\"elementor-widget-wrap elementor-element-populated\">\n\t\t\t\t\t\t<div class=\"elementor-element elementor-element-1a4d66a0 elementor-widget elementor-widget-heading\" data-id=\"1a4d66a0\" data-element_type=\"widget\" data-widget_type=\"heading.default\">\n\t\t\t\t<div class=\"elementor-widget-container\">\n\t\t\t<h2 class=\"elementor-heading-title elementor-size-default\">Benvenuti a Leggenda<\/h2>\t\t<\/div>\n\t\t\t\t<\/div>\n\t\t\t\t<div class=\"elementor-element elementor-element-19417023 elementor-widget elementor-widget-spacer\" data-id=\"19417023\" data-element_type=\"widget\" data-widget_type=\"spacer.default\">\n\t\t\t\t<div class=\"elementor-widget-container\">\n\t\t\t\t\t<div class=\"elementor-spacer\">\n\t\t\t<div class=\"elementor-spacer-inner\"><\/div>\n\t\t<\/div>\n\t\t\t\t<\/div>\n\t\t\t\t<\/div>\n\t\t\t\t<div class=\"elementor-element elementor-element-7e75eb22 elementor-widget elementor-widget-text-editor\" data-id=\"7e75eb22\" data-element_type=\"widget\" data-widget_type=\"text-editor.default\">\n\t\t\t\t<div class=\"elementor-widget-container\">\n\t\t\t\t\t\t\t<p class=\"p1\">Una nuova edizione. Un\u2019occasione per vivere insieme la citt\u00e0 nel segno della cultura e dell\u2019incontro.&nbsp;Leggenda, festival della lettura e dell\u2019ascolto organizzato dal Comune di Empoli,&nbsp;torna a Empoli da&nbsp;<b>gioved\u00ec&nbsp;16&nbsp;a&nbsp;domenica&nbsp;19&nbsp;maggio&nbsp;2024<\/b>.&nbsp;<\/p>\n<p class=\"p1\">La&nbsp;<b>settima&nbsp;edizione<\/b>&nbsp;del festival sar\u00e0&nbsp;tutta da vivere. La&nbsp;proposta?&nbsp;Tantissimi&nbsp;incontri, sia riservati alle scuole in orario scolastico sia aperti al pubblico,&nbsp;a&nbsp;Palazzo Leggenda e&nbsp;in&nbsp;tutti gli altri luoghi caratteristici del festival Leggenda.<\/p>\n<p class=\"p1\">Questo anno&nbsp;<b>sono 128 le classi&nbsp;delle&nbsp;scuole<\/b>&nbsp;dell&#8217;infanzia, primarie e secondarie di primo grado&nbsp;del Comune di Empoli&nbsp;<b>che hanno aderito a Leggenda e che incontreranno autrici e autori in orario scolastico&nbsp;<\/b>durante i giorni del Festival.&nbsp;<\/p>\n<p class=\"p1\">Tutti&nbsp;gli&nbsp;<b>eventi<\/b>&nbsp;in programma nei pomeriggi di gioved\u00ec e venerd\u00ec e nel fine&nbsp;settimana saranno, come sempre,&nbsp;<b>gratuiti<\/b>.&nbsp;Per questa edizione il festival ha una nuova casa, che \u00e8 appunto&nbsp;<b>Palazzo Leggenda<\/b>, nuova Sezione ragazzi della biblioteca comunale inaugurata&nbsp;nel&nbsp;gennaio<span class=\"s1\">&nbsp;<\/span>di quest\u2019anno.&nbsp;Tre piani&nbsp;<b>dedicati interamente alla lettura e all\u2019ascolto<\/b>&nbsp;per&nbsp;bambine e bambini, ragazze e ragazzi da 0 a 17 anni.&nbsp;Un palazzo dove i libri sono assoluti protagonisti e con essi momenti di racconto e condivisione.<\/p>\t\t\t\t\t\t<\/div>\n\t\t\t\t<\/div>\n\t\t\t\t<section class=\"elementor-section elementor-inner-section elementor-element elementor-element-bbad9ae elementor-section-content-middle elementor-section-boxed elementor-section-height-default elementor-section-height-default\" data-id=\"bbad9ae\" data-element_type=\"section\">\n\t\t\t\t\t\t<div class=\"elementor-container elementor-column-gap-default\">\n\t\t\t\t\t<div class=\"elementor-column elementor-col-50 elementor-inner-column elementor-element elementor-element-9a1c6c7\" data-id=\"9a1c6c7\" data-element_type=\"column\">\n\t\t\t<div class=\"elementor-widget-wrap elementor-element-populated\">\n\t\t\t\t\t\t<div class=\"elementor-element elementor-element-c6c2f45 elementor-widget-tablet__width-initial elementor-widget elementor-widget-image\" data-id=\"c6c2f45\" data-element_type=\"widget\" data-widget_type=\"image.default\">\n\t\t\t\t<div class=\"elementor-widget-container\">\n\t\t\t\t\t\t\t\t\t\t\t\t\t<img fetchpriority=\"high\" decoding=\"async\" width=\"1103\" height=\"969\" src=\"https:\/\/www.leggendafestival.it\/edizione2024\/wp-content\/uploads\/2024\/02\/bambina-2024.png\" class=\"attachment-full size-full wp-image-59868\" alt=\"\" srcset=\"https:\/\/www.leggendafestival.it\/edizione2024\/wp-content\/uploads\/2024\/02\/bambina-2024.png 1103w, https:\/\/www.leggendafestival.it\/edizione2024\/wp-content\/uploads\/2024\/02\/bambina-2024-300x264.png 300w, https:\/\/www.leggendafestival.it\/edizione2024\/wp-content\/uploads\/2024\/02\/bambina-2024-1024x900.png 1024w, https:\/\/www.leggendafestival.it\/edizione2024\/wp-content\/uploads\/2024\/02\/bambina-2024-768x675.png 768w, https:\/\/www.leggendafestival.it\/edizione2024\/wp-content\/uploads\/2024\/02\/bambina-2024-600x527.png 600w\" sizes=\"(max-width: 1103px) 100vw, 1103px\" \/>\t\t\t\t\t\t\t\t\t\t\t\t\t<\/div>\n\t\t\t\t<\/div>\n\t\t\t\t\t<\/div>\n\t\t<\/div>\n\t\t\t\t<div class=\"elementor-column elementor-col-50 elementor-inner-column elementor-element elementor-element-65dfe5d\" data-id=\"65dfe5d\" data-element_type=\"column\">\n\t\t\t<div class=\"elementor-widget-wrap elementor-element-populated\">\n\t\t\t\t\t\t<div class=\"elementor-element elementor-element-8e61ba1 elementor-hidden-desktop elementor-hidden-tablet elementor-hidden-mobile elementor-widget elementor-widget-text-editor\" data-id=\"8e61ba1\" data-element_type=\"widget\" data-widget_type=\"text-editor.default\">\n\t\t\t\t<div class=\"elementor-widget-container\">\n\t\t\t\t\t\t\t<p><em>\u00abUna nuova edizione, una nuova occasione per tutte e tutti, dai pi\u00f9 piccoli agli adulti, perch\u00e9 l\u2019incontro con un libro, a ogni et\u00e0, \u00e8 un momento di crescita e arricchimento \u2013 sottolinea la sindaca di Empoli, Brenda\u00a0Barnini\u00a0\u2013 In questi anni, il festival ha camminato senza sosta nei giorni degli eventi, ma soprattutto in silenzio nelle classi, nel quotidiano delle scuole coinvolte. Ha conosciuto migliaia e migliaia di bambini e ragazzi, ha accolto appassionati e curiosi in arrivo da tutta la Toscana e oltre, grazie a una programmazione di qualit\u00e0.\u00a0\u00c8\u00a0diventato grande, facendosi conoscere a livello nazionale e anche oltre i confini dell\u2019Italia.<\/em><\/p><p><em>Eppure l\u2019obiettivo di chi lo ha visto nascere e crescere \u00e8 far s\u00ec che Leggenda non si fermi qui, ma vada oltre, insegnando un modo di fare ascolto attraverso la lettura, di fare incontro attraverso la cultura, di approfondire e riflettere insieme, di dire la nostra a tu per tu con autori e autrici. Tutto attraverso una\u00a0grande festa con spettacoli, laboratori, incontri con autori,\u00a0con la\u00a0mostra mercato del libro, che coinvolge\u00a0tante\u00a0realt\u00e0 della citt\u00e0\u00a0a partire dalle scuole.<\/em><br \/><em>Grazie a chi ha scommesso su questo progetto ormai sette anni fa. Grazie a chi ogni anno con generosit\u00e0 si impegna perch\u00e9 la nuova edizione sia originale e vivace. E grazie a chi sceglier\u00e0 di fare tappa a Empoli e a Leggenda in occasione di questa nuova edizione. Vi aspettiamo<\/em><span id=\"docs-internal-guid-800fff07-7fff-0902-1125-e1cb17c32446\"><span style=\"font-size: 12pt; font-family: Arial, sans-serif; color: #000000; background-color: transparent; font-variant-numeric: normal; font-variant-east-asian: normal; font-variant-alternates: normal; font-variant-position: normal; vertical-align: baseline; white-space-collapse: preserve;\">\u00bb<\/span><\/span><em>.<\/em><\/p>\t\t\t\t\t\t<\/div>\n\t\t\t\t<\/div>\n\t\t\t\t<div class=\"elementor-element elementor-element-36b2033 elementor-widget elementor-widget-text-editor\" data-id=\"36b2033\" data-element_type=\"widget\" data-widget_type=\"text-editor.default\">\n\t\t\t\t<div class=\"elementor-widget-container\">\n\t\t\t\t\t\t\t<p class=\"p1\">Leggenda rappresenta la sintesi del sistema di educazione e formazione alla lettura e all\u2019ascolto, che parte dalle esperienze consolidate portate avanti nei\u00a0servizi\u00a0educativi per l\u2019infanzia e nelle diverse realt\u00e0 scolastiche, passando per le innumerevoli iniziative di promozione della lettura organizzate e promosse dalla Biblioteca comunale.\u00a0Un tessuto vivo e vitale che\u00a0dal 2018\u00a0ha permesso a\u00a0Empoli\u00a0di divenire\u00a0\u201cCitt\u00e0 che legge\u201d, qualifica assegnata da Il Centro per il libro e la lettura, d\u2019intesa con l\u2019Associazione Nazionale Comuni Italiani, alle amministrazioni comunali\u00a0impegnate a svolgere con continuit\u00e0 sul proprio territorio politiche pubbliche di promozione della lettura.<\/p>\t\t\t\t\t\t<\/div>\n\t\t\t\t<\/div>\n\t\t\t\t\t<\/div>\n\t\t<\/div>\n\t\t\t\t\t<\/div>\n\t\t<\/section>\n\t\t\t\t<div class=\"elementor-element elementor-element-0778b09 elementor-widget elementor-widget-text-editor\" data-id=\"0778b09\" data-element_type=\"widget\" data-widget_type=\"text-editor.default\">\n\t\t\t\t<div class=\"elementor-widget-container\">\n\t\t\t\t\t\t\t<p class=\"p1\"><b>Ma\u00a0Leggenda \u00e8 e rimane\u00a0anche\u00a0teatro d\u2019incontro fra scrittori, artisti, educatori, librai e lettori-ascoltatori<\/b>. Un luogo di promozione, fin dalla pi\u00f9 tenera et\u00e0, della lettura\u00a0intesa\u00a0come indispensabile tecnologia\u00a0\u2018fantastica\u2019\u00a0per sognare mondi possibili, promuovere l\u2019ascolto come attitudine all\u2019incontro con l\u2019altro e l\u2019altrove e consolidare la formazione degli insegnanti e degli educatori con percorsi innovativi, laboratori e incontri con esperti.<\/p><p class=\"p1\">Leggenda, sia come laboratorio permanente artistico ed educativo, sia come Festival prioritariamente rivolto alle nuove generazioni (0-14 anni), vuole essere <b>un grande e appassionato invito a un ascolto multisensoriale dei libri, all\u2019esplorazione delle loro storie<\/b> che ci permettono magicamente di viaggiare nel tempo e nello spazio fino ben oltre i confini della nostra immaginazione.<\/p><p class=\"p1\">Un invito, perch\u00e9 come ci ricorda Gianni Rodari\u2026 il verbo leggere non sopporta l\u2019imperativo.<\/p>\t\t\t\t\t\t<\/div>\n\t\t\t\t<\/div>\n\t\t\t\t\t<\/div>\n\t\t<\/div>\n\t\t\t\t\t<\/div>\n\t\t<\/section>\n\t\t\t\t<\/div>\n\t\t","protected":false},"excerpt":{"rendered":"<p>Festival Home \/ Festival Benvenuti a Leggenda Una nuova edizione. Un\u2019occasione per vivere insieme la citt\u00e0 nel segno della cultura e dell\u2019incontro.&nbsp;Leggenda, festival della lettura e dell\u2019ascolto organizzato dal Comune di Empoli,&nbsp;torna a Empoli da&nbsp;gioved\u00ec&nbsp;16&nbsp;a&nbsp;domenica&nbsp;19&nbsp;maggio&nbsp;2024.&nbsp; La&nbsp;settima&nbsp;edizione&nbsp;del festival sar\u00e0&nbsp;tutta da vivere. La&nbsp;proposta?&nbsp;Tantissimi&nbsp;incontri, sia riservati alle scuole in orario scolastico sia aperti al pubblico,&nbsp;a&nbsp;Palazzo Leggenda e&nbsp;in&nbsp;tutti gli [&hellip;]<\/p>\n","protected":false},"author":4,"featured_media":0,"parent":0,"menu_order":0,"comment_status":"closed","ping_status":"closed","template":"","meta":{"footnotes":""},"_links":{"self":[{"href":"https:\/\/leggenda.comune.empoli.fi.it\/edizione2024\/wp-json\/wp\/v2\/pages\/1859"}],"collection":[{"href":"https:\/\/leggenda.comune.empoli.fi.it\/edizione2024\/wp-json\/wp\/v2\/pages"}],"about":[{"href":"https:\/\/leggenda.comune.empoli.fi.it\/edizione2024\/wp-json\/wp\/v2\/types\/page"}],"author":[{"embeddable":true,"href":"https:\/\/leggenda.comune.empoli.fi.it\/edizione2024\/wp-json\/wp\/v2\/users\/4"}],"replies":[{"embeddable":true,"href":"https:\/\/leggenda.comune.empoli.fi.it\/edizione2024\/wp-json\/wp\/v2\/comments?post=1859"}],"version-history":[{"count":63,"href":"https:\/\/leggenda.comune.empoli.fi.it\/edizione2024\/wp-json\/wp\/v2\/pages\/1859\/revisions"}],"predecessor-version":[{"id":60381,"href":"https:\/\/leggenda.comune.empoli.fi.it\/edizione2024\/wp-json\/wp\/v2\/pages\/1859\/revisions\/60381"}],"wp:attachment":[{"href":"https:\/\/leggenda.comune.empoli.fi.it\/edizione2024\/wp-json\/wp\/v2\/media?parent=1859"}],"curies":[{"name":"wp","href":"https:\/\/api.w.org\/{rel}","templated":true}]}}